{"id":2280,"date":"2026-04-21T09:03:14","date_gmt":"2026-04-21T09:03:14","guid":{"rendered":"https:\/\/csmj.gov.mz\/?page_id=2280"},"modified":"2026-04-30T07:37:37","modified_gmt":"2026-04-30T07:37:37","slug":"secretaria-geral","status":"publish","type":"page","link":"https:\/\/csmj.gov.mz\/?page_id=2280","title":{"rendered":"Secretariado"},"content":{"rendered":"\t\t<div data-elementor-type=\"wp-page\" data-elementor-id=\"2280\" class=\"elementor elementor-2280\">\n\t\t\t\t<div class=\"elementor-element elementor-element-dd97967 e-con-full e-flex wpr-particle-no wpr-jarallax-no wpr-parallax-no wpr-sticky-section-no e-con e-parent\" data-id=\"dd97967\" data-element_type=\"container\" data-e-type=\"container\" data-settings=\"{&quot;background_background&quot;:&quot;gradient&quot;}\">\n\t\t\t\t<div class=\"elementor-element elementor-element-d750c12 elementor-widget__width-initial elementor-widget elementor-widget-text-editor\" data-id=\"d750c12\" data-element_type=\"widget\" data-e-type=\"widget\" data-widget_type=\"text-editor.default\">\n\t\t\t\t\t\t\t\t\t<h1 style=\"text-align: center;\"><span style=\"color: #000000;\"><strong>Compet\u00eancias do Secretariado<\/strong><\/span><\/h1>\t\t\t\t\t\t\t\t<\/div>\n\t\t\t\t<\/div>\n\t\t<div class=\"elementor-element elementor-element-3f2772b e-flex e-con-boxed wpr-particle-no wpr-jarallax-no wpr-parallax-no wpr-sticky-section-no e-con e-parent\" data-id=\"3f2772b\" data-element_type=\"container\" data-e-type=\"container\">\n\t\t\t\t\t<div class=\"e-con-inner\">\n\t\t\t\t<div class=\"elementor-element elementor-element-5bb7001 elementor-widget elementor-widget-text-editor\" data-id=\"5bb7001\" data-element_type=\"widget\" data-e-type=\"widget\" data-widget_type=\"text-editor.default\">\n\t\t\t\t\t\t\t\t\t<ul><li><span style=\"color: #000000;\">Garantir, do ponto de vista t\u00e9cnico e administrativo, a prepara\u00e7\u00e3o e realiza\u00e7\u00e3o das sess\u00f5es do Conselho;<\/span><\/li><li><span style=\"color: #000000;\">Lavrar as actas das sess\u00f5es do Conselho;<\/span><\/li><li><span style=\"color: #000000;\">Executar e fazer executar as delibera\u00e7\u00f5es do Conselho;<\/span><\/li><li><span style=\"color: #000000;\">Assegurar a prepara\u00e7\u00e3o dos projectos dos or\u00e7amentos do Conselho;<\/span><\/li><li><span style=\"color: #000000;\">Assegurar, no \u00e2mbito da sua compet\u00eancia gestion\u00e1ria, a articula\u00e7\u00e3o entre o Conselho Superior da Magistratura Judicial e outras entidades p\u00fablicas ou privadas;<\/span><\/li><li><span style=\"color: #000000;\">Coordenar as ac\u00e7\u00f5es no \u00e2mbito da coopera\u00e7\u00e3o internacional;<\/span><\/li><li><span style=\"color: #000000;\">Autorizar as despesas vari\u00e1veis do or\u00e7amento dentro dos limites e par\u00e2metros a fixar pelo Presidente;<\/span><\/li><li><span style=\"color: #000000;\">Assegurar a gest\u00e3o adequada dos recursos humanos, financeiros e do patrim\u00f3nio, zelando pela correcta aplica\u00e7\u00e3o da legisla\u00e7\u00e3o pertinente legisla\u00e7\u00e3o;<\/span><\/li><li><span style=\"color: #000000;\">Propor altera\u00e7\u00e3o do quadro de pessoal;<\/span><\/li><li><span style=\"color: #000000;\">Propor os regulamentos necess\u00e1rios \u00e0 organiza\u00e7\u00e3o interna e o funcionamento dos servi\u00e7os;<\/span><\/li><li><span style=\"color: #000000;\">Emitir ordens e instru\u00e7\u00f5es de servi\u00e7o no \u00e2mbito da sua compet\u00eancia;<\/span><\/li><li><span style=\"color: #000000;\">Despachar com os dirigentes das unidades org\u00e2nicas dos servi\u00e7os;<\/span><\/li><li><span style=\"color: #000000;\">Submeter ao Presidente os assuntos que care\u00e7am de resolu\u00e7\u00e3o superior;<\/span><\/li><li><span style=\"color: #000000;\">Praticar os demais actos permitidos por lei e os que forem expressamente determinados pelo Presidente do Conselho.<\/span><\/li><\/ul>\t\t\t\t\t\t\t\t<\/div>\n\t\t\t\t\t<\/div>\n\t\t\t\t<\/div>\n\t\t\t\t<\/div>\n\t\t","protected":false},"excerpt":{"rendered":"<p>Compet\u00eancias do Secretariado Garantir, do ponto de vista t\u00e9cnico e administrativo, a prepara\u00e7\u00e3o e realiza\u00e7\u00e3o das sess\u00f5es do Conselho; Lavrar as actas das sess\u00f5es do Conselho; Executar e fazer executar as delibera\u00e7\u00f5es do Conselho; Assegurar a prepara\u00e7\u00e3o dos projectos dos or\u00e7amentos do Conselho; Assegurar, no \u00e2mbito da sua compet\u00eancia gestion\u00e1ria, a articula\u00e7\u00e3o entre o Conselho Superior da Magistratura Judicial e outras entidades p\u00fablicas ou privadas; Coordenar as ac\u00e7\u00f5es no \u00e2mbito da coopera\u00e7\u00e3o internacional; Autorizar as despesas vari\u00e1veis do or\u00e7amento dentro dos limites e par\u00e2metros a fixar pelo Presidente; Assegurar a gest\u00e3o adequada dos recursos humanos, financeiros e do patrim\u00f3nio, zelando pela correcta aplica\u00e7\u00e3o da legisla\u00e7\u00e3o pertinente legisla\u00e7\u00e3o; Propor altera\u00e7\u00e3o do quadro de pessoal; Propor os regulamentos necess\u00e1rios \u00e0 organiza\u00e7\u00e3o interna e o funcionamento dos servi\u00e7os; Emitir ordens e instru\u00e7\u00f5es de servi\u00e7o no \u00e2mbito da sua compet\u00eancia; Despachar com os dirigentes das unidades org\u00e2nicas dos servi\u00e7os; Submeter ao Presidente os assuntos que care\u00e7am de resolu\u00e7\u00e3o superior; Praticar os demais actos permitidos por lei e os que forem expressamente determinados pelo Presidente do Conselho.<\/p>\n","protected":false},"author":12,"featured_media":0,"parent":0,"menu_order":0,"comment_status":"closed","ping_status":"closed","template":"","meta":{"footnotes":""},"class_list":["post-2280","page","type-page","status-publish","hentry"],"_links":{"self":[{"href":"https:\/\/csmj.gov.mz\/index.php?rest_route=\/wp\/v2\/pages\/2280","targetHints":{"allow":["GET"]}}],"collection":[{"href":"https:\/\/csmj.gov.mz\/index.php?rest_route=\/wp\/v2\/pages"}],"about":[{"href":"https:\/\/csmj.gov.mz\/index.php?rest_route=\/wp\/v2\/types\/page"}],"author":[{"embeddable":true,"href":"https:\/\/csmj.gov.mz\/index.php?rest_route=\/wp\/v2\/users\/12"}],"replies":[{"embeddable":true,"href":"https:\/\/csmj.gov.mz\/index.php?rest_route=%2Fwp%2Fv2%2Fcomments&post=2280"}],"version-history":[{"count":12,"href":"https:\/\/csmj.gov.mz\/index.php?rest_route=\/wp\/v2\/pages\/2280\/revisions"}],"predecessor-version":[{"id":2858,"href":"https:\/\/csmj.gov.mz\/index.php?rest_route=\/wp\/v2\/pages\/2280\/revisions\/2858"}],"wp:attachment":[{"href":"https:\/\/csmj.gov.mz\/index.php?rest_route=%2Fwp%2Fv2%2Fmedia&parent=2280"}],"curies":[{"name":"wp","href":"https:\/\/api.w.org\/{rel}","templated":true}]}}