{"id":2259,"date":"2026-04-20T12:58:04","date_gmt":"2026-04-20T12:58:04","guid":{"rendered":"https:\/\/csmj.gov.mz\/?page_id=2259"},"modified":"2026-04-20T12:58:04","modified_gmt":"2026-04-20T12:58:04","slug":"deliberacoes-da-comissao-permanente-2","status":"publish","type":"page","link":"https:\/\/csmj.gov.mz\/?page_id=2259","title":{"rendered":"Delibera\u00e7\u00f5es da Comiss\u00e3o Permanente"},"content":{"rendered":"","protected":false},"excerpt":{"rendered":"","protected":false},"author":12,"featured_media":0,"parent":0,"menu_order":0,"comment_status":"closed","ping_status":"closed","template":"","meta":{"footnotes":""},"class_list":["post-2259","page","type-page","status-publish","hentry"],"_links":{"self":[{"href":"https:\/\/csmj.gov.mz\/index.php?rest_route=\/wp\/v2\/pages\/2259","targetHints":{"allow":["GET"]}}],"collection":[{"href":"https:\/\/csmj.gov.mz\/index.php?rest_route=\/wp\/v2\/pages"}],"about":[{"href":"https:\/\/csmj.gov.mz\/index.php?rest_route=\/wp\/v2\/types\/page"}],"author":[{"embeddable":true,"href":"https:\/\/csmj.gov.mz\/index.php?rest_route=\/wp\/v2\/users\/12"}],"replies":[{"embeddable":true,"href":"https:\/\/csmj.gov.mz\/index.php?rest_route=%2Fwp%2Fv2%2Fcomments&post=2259"}],"version-history":[{"count":1,"href":"https:\/\/csmj.gov.mz\/index.php?rest_route=\/wp\/v2\/pages\/2259\/revisions"}],"predecessor-version":[{"id":2262,"href":"https:\/\/csmj.gov.mz\/index.php?rest_route=\/wp\/v2\/pages\/2259\/revisions\/2262"}],"wp:attachment":[{"href":"https:\/\/csmj.gov.mz\/index.php?rest_route=%2Fwp%2Fv2%2Fmedia&parent=2259"}],"curies":[{"name":"wp","href":"https:\/\/api.w.org\/{rel}","templated":true}]}}