{"id":2258,"date":"2026-04-20T12:54:14","date_gmt":"2026-04-20T12:54:14","guid":{"rendered":"https:\/\/csmj.gov.mz\/?page_id=2258"},"modified":"2026-04-20T12:54:14","modified_gmt":"2026-04-20T12:54:14","slug":"deliberacoes-da-comissao-permanente","status":"publish","type":"page","link":"https:\/\/csmj.gov.mz\/?page_id=2258","title":{"rendered":"Delibera\u00e7\u00f5es da Comiss\u00e3o Permanente"},"content":{"rendered":"","protected":false},"excerpt":{"rendered":"","protected":false},"author":12,"featured_media":0,"parent":0,"menu_order":0,"comment_status":"closed","ping_status":"closed","template":"","meta":{"footnotes":""},"class_list":["post-2258","page","type-page","status-publish","hentry"],"_links":{"self":[{"href":"https:\/\/csmj.gov.mz\/index.php?rest_route=\/wp\/v2\/pages\/2258","targetHints":{"allow":["GET"]}}],"collection":[{"href":"https:\/\/csmj.gov.mz\/index.php?rest_route=\/wp\/v2\/pages"}],"about":[{"href":"https:\/\/csmj.gov.mz\/index.php?rest_route=\/wp\/v2\/types\/page"}],"author":[{"embeddable":true,"href":"https:\/\/csmj.gov.mz\/index.php?rest_route=\/wp\/v2\/users\/12"}],"replies":[{"embeddable":true,"href":"https:\/\/csmj.gov.mz\/index.php?rest_route=%2Fwp%2Fv2%2Fcomments&post=2258"}],"version-history":[{"count":1,"href":"https:\/\/csmj.gov.mz\/index.php?rest_route=\/wp\/v2\/pages\/2258\/revisions"}],"predecessor-version":[{"id":2261,"href":"https:\/\/csmj.gov.mz\/index.php?rest_route=\/wp\/v2\/pages\/2258\/revisions\/2261"}],"wp:attachment":[{"href":"https:\/\/csmj.gov.mz\/index.php?rest_route=%2Fwp%2Fv2%2Fmedia&parent=2258"}],"curies":[{"name":"wp","href":"https:\/\/api.w.org\/{rel}","templated":true}]}}